{"id":4931,"date":"2025-07-15T23:02:20","date_gmt":"2025-07-15T21:02:20","guid":{"rendered":"https:\/\/crofil3d.com\/?post_type=product&#038;p=4931"},"modified":"2025-10-06T11:14:51","modified_gmt":"2025-10-06T09:14:51","slug":"3d-printer-nozzle-cleaning-needles-0-4-mm","status":"publish","type":"product","link":"https:\/\/crofil3d.com\/hr\/3d-printer-nozzle-cleaning-needles-0-4-mm\/","title":{"rendered":"3D Printer Nozzle Cleaning Needles 0.4 mm Set of 10 pcs"},"content":{"rendered":"<p><span class=\"a-list-item\">1 tuba, 10 komada, nehr\u0111aju\u0107i \u010delik:\nNa\u0161 set alata za \u010di\u0161\u0107enje mlaznica izra\u0111en je od visokokvalitetnog nehr\u0111aju\u0107eg \u010delika koji je posebno izdr\u017eljiv i otporan na koroziju. Glatki materijal omogu\u0107uje nje\u017eno \u010di\u0161\u0107enje bez o\u0161te\u0107ivanja mlaznica i osigurava dug vijek trajanja alata \u2013 idealno za profesionalnu upotrebu u 3D print tehnologiji.<\/span><\/p>\n<p>&nbsp;<\/p>\n<p><span class=\"a-list-item\">Set za \u010di\u0161\u0107enje mlaznica 3D printera:\nIglice za \u010di\u0161\u0107enje mlaznica 3D printera u\u010dinkovito uklanjaju za\u010depljenja i ostatke iz mlaznice te osiguravaju kvalitetu i stabilnost ispisa. Set sadr\u017ei 10 iglica promjera 0,4 mm u jednoj prakti\u010dnoj tubi. Koli\u010dina je dovoljna za svakodnevnu upotrebu i redovitu zamjenu po potrebi.<\/span><\/p>\n<p>&nbsp;<\/p>\n<ul>\n<li data-start=\"84\" data-end=\"129\">\n<p data-start=\"86\" data-end=\"129\">Sprje\u010dava za\u010depljenje mlaznica i neuspjele ispise.<\/p>\n<\/li>\n<li data-start=\"130\" data-end=\"172\">\n<p data-start=\"132\" data-end=\"172\">Osigurava glatke i precizne 3D ispisane modele.<\/p>\n<\/li>\n<li data-start=\"173\" data-end=\"225\">\n<p data-start=\"175\" data-end=\"225\">Produ\u017euje vijek trajanja mlaznica na 3D printeru.<\/p>\n<\/li>\n<li data-start=\"226\" data-end=\"275\">\n<p data-start=\"228\" data-end=\"275\">Odr\u017eava konstantnu kvalitetu ispisa kroz vrijeme.<\/p>\n<\/li>\n<li data-start=\"276\" data-end=\"336\">\n<p data-start=\"278\" data-end=\"336\">Jednostavno i u\u010dinkovito odr\u017eavanje bez stresa.<\/p>\n<\/li>\n<\/ul>\n<p><span class=\"a-list-item\">\u00a0<\/span><\/p>","protected":false},"excerpt":{"rendered":"<ul>\n<li data-start=\"84\" data-end=\"129\">\n<p data-start=\"86\" data-end=\"129\">Sprje\u010dava za\u010depljenje mlaznica i neuspjele ispise.<\/p>\n<\/li>\n<li data-start=\"130\" data-end=\"172\">\n<p data-start=\"132\" data-end=\"172\">Osigurava glatke i precizne 3D ispisane modele.<\/p>\n<\/li>\n<li data-start=\"173\" data-end=\"225\">\n<p data-start=\"175\" data-end=\"225\">Produ\u017euje vijek trajanja mlaznica na 3D printeru.<\/p>\n<\/li>\n<li data-start=\"226\" data-end=\"275\">\n<p data-start=\"228\" data-end=\"275\">Odr\u017eava konstantnu kvalitetu ispisa kroz vrijeme.<\/p>\n<\/li>\n<li data-start=\"276\" data-end=\"336\">\n<p data-start=\"278\" data-end=\"336\">Jednostavno i u\u010dinkovito odr\u017eavanje bez stresa.<\/p>\n<\/li>\n<\/ul>","protected":false},"featured_media":4935,"comment_status":"open","ping_status":"closed","template":"","meta":{"_gspb_post_css":""},"store":[],"product_brand":[],"product_cat":[259,263],"product_tag":[288,289],"class_list":{"0":"post-4931","1":"product","2":"type-product","3":"status-publish","4":"has-post-thumbnail","6":"product_cat-tools-accessories","7":"product_cat-toolkits-maintenance-sets","8":"product_tag-3d-printer-nozzle","9":"product_tag-nozzle-cleaner","11":"first","12":"instock","13":"sale","14":"shipping-taxable","15":"purchasable","16":"product-type-simple"},"_links":{"self":[{"href":"https:\/\/crofil3d.com\/hr\/wp-json\/wp\/v2\/product\/4931","targetHints":{"allow":["GET"]}}],"collection":[{"href":"https:\/\/crofil3d.com\/hr\/wp-json\/wp\/v2\/product"}],"about":[{"href":"https:\/\/crofil3d.com\/hr\/wp-json\/wp\/v2\/types\/product"}],"replies":[{"embeddable":true,"href":"https:\/\/crofil3d.com\/hr\/wp-json\/wp\/v2\/comments?post=4931"}],"wp:featuredmedia":[{"embeddable":true,"href":"https:\/\/crofil3d.com\/hr\/wp-json\/wp\/v2\/media\/4935"}],"wp:attachment":[{"href":"https:\/\/crofil3d.com\/hr\/wp-json\/wp\/v2\/media?parent=4931"}],"wp:term":[{"taxonomy":"store","embeddable":true,"href":"https:\/\/crofil3d.com\/hr\/wp-json\/wp\/v2\/store?post=4931"},{"taxonomy":"product_brand","embeddable":true,"href":"https:\/\/crofil3d.com\/hr\/wp-json\/wp\/v2\/product_brand?post=4931"},{"taxonomy":"product_cat","embeddable":true,"href":"https:\/\/crofil3d.com\/hr\/wp-json\/wp\/v2\/product_cat?post=4931"},{"taxonomy":"product_tag","embeddable":true,"href":"https:\/\/crofil3d.com\/hr\/wp-json\/wp\/v2\/product_tag?post=4931"}],"curies":[{"name":"wp","href":"https:\/\/api.w.org\/{rel}","templated":true}]}}